{"id":8,"date":"2020-10-14T10:39:08","date_gmt":"2020-10-14T10:39:08","guid":{"rendered":"http:\/\/xn--hlercentralen-3fb.dk\/?page_id=8"},"modified":"2020-10-14T10:39:08","modified_gmt":"2020-10-14T10:39:08","slug":"kontakt","status":"publish","type":"page","link":"https:\/\/xn--hlercentralen-3fb.dk\/?page_id=8","title":{"rendered":"Kontakt"},"content":{"rendered":"\n<p>Dette er en side med basale kontaktinformationer, s\u00e5som adresse og telefonnummer. Du kan ogs\u00e5 pr\u00f8ve at tilf\u00f8je en kontaktformular her med et plugin.<\/p>\n","protected":false},"excerpt":{"rendered":"<p>Dette er en side med basale kontaktinformationer, s\u00e5som adresse og telefonnummer. Du kan ogs\u00e5 pr\u00f8ve at tilf\u00f8je en kontaktformular her med et plugin.<\/p>\n","protected":false},"author":1,"featured_media":0,"parent":0,"menu_order":0,"comment_status":"closed","ping_status":"closed","template":"","meta":{"footnotes":""},"_links":{"self":[{"href":"https:\/\/xn--hlercentralen-3fb.dk\/index.php?rest_route=\/wp\/v2\/pages\/8"}],"collection":[{"href":"https:\/\/xn--hlercentralen-3fb.dk\/index.php?rest_route=\/wp\/v2\/pages"}],"about":[{"href":"https:\/\/xn--hlercentralen-3fb.dk\/index.php?rest_route=\/wp\/v2\/types\/page"}],"author":[{"embeddable":true,"href":"https:\/\/xn--hlercentralen-3fb.dk\/index.php?rest_route=\/wp\/v2\/users\/1"}],"replies":[{"embeddable":true,"href":"https:\/\/xn--hlercentralen-3fb.dk\/index.php?rest_route=%2Fwp%2Fv2%2Fcomments&post=8"}],"version-history":[{"count":1,"href":"https:\/\/xn--hlercentralen-3fb.dk\/index.php?rest_route=\/wp\/v2\/pages\/8\/revisions"}],"predecessor-version":[{"id":13,"href":"https:\/\/xn--hlercentralen-3fb.dk\/index.php?rest_route=\/wp\/v2\/pages\/8\/revisions\/13"}],"wp:attachment":[{"href":"https:\/\/xn--hlercentralen-3fb.dk\/index.php?rest_route=%2Fwp%2Fv2%2Fmedia&parent=8"}],"curies":[{"name":"wp","href":"https:\/\/api.w.org\/{rel}","templated":true}]}}